{"id":2,"date":"2025-12-17T16:39:17","date_gmt":"2025-12-17T16:39:17","guid":{"rendered":"https:\/\/crypto.wordifysites.com\/?page_id=2"},"modified":"2026-03-18T12:57:58","modified_gmt":"2026-03-18T12:57:58","slug":"home","status":"publish","type":"page","link":"https:\/\/metalinkbuilding.com.br\/en\/","title":{"rendered":"Home"},"content":{"rendered":"<section class=\"gb-element-5200751c\">\n<span class=\"gb-shape gb-shape-1df8150a gb-shape--divider\"><svg xmlns=\"http:\/\/www.w3.org\/2000\/svg\" viewbox=\"0 0 1200 130.3\" preserveaspectratio=\"none\"><path d=\"M0 107.9l40-22.2c40-21.9 120-66.9 200-62.2 80 4.4 160 57.8 240 53.3C560 72 640 10.4 720 1.2S880 37 960 59c80 22.3 160 22.3 200 22.3h40v49H0v-22.4z\"><\/path><\/svg><\/span>\n\n\n\n<div class=\"gb-element-a3e94833\">\n<div class=\"gb-element-9660a0fd\">\n<h1 class=\"gb-text-48a15b1c\"><span class=\"gb-shape\"><svg viewbox=\"0 0 80 42\" xmlns=\"http:\/\/www.w3.org\/2000\/svg\" data-name=\"subtract\"><path fill=\"CurrentColor\" d=\"M0 20.06h80v1.87H0z\"><\/path><\/svg><\/span><span class=\"gb-text\">Agencia de Link Building: Meta Link<\/span><\/h1>\n\n\n\n<h2 class=\"gb-text gb-text-a250934b\"><mark class=\"gb-highlight\"><mark style=\"background-color:rgba(0, 0, 0, 0)\" class=\"has-inline-color has-accent-color\">Backlinks<\/mark><\/mark> From Brazil that Gives Results on your <mark class=\"gb-highlight\"><mark style=\"background-color:rgba(0, 0, 0, 0)\" class=\"has-inline-color has-accent-color\">SEO<\/mark><\/mark><\/h2>\n\n\n\n<p class=\"has-white-color has-text-color\">We are the biggest Link Building agency from Brazil, we connect you to high quality real websites from Brazil for your backlinks.<\/p>\n\n\n\n<p>Nossa miss\u00e3o \u00e9 estabelecer parcerias de sucesso que aumentem a autoridade do seu site por meio de&nbsp;<em>backlinks<\/em>&nbsp;de alta qualidade. Como a melhor ag\u00eancia do setor, empregamos t\u00e9cnicas comprovadas e inovadoras de&nbsp;<strong>Link Building<\/strong>&nbsp;para elevar seu neg\u00f3cio aos primeiros lugares nos resultados de pesquisa.<\/p>\n\n\n\n<a class=\"gb-text gb-text-8dca6e17\" href=\"https:\/\/api.whatsapp.com\/send\/?phone=557184562811&amp;text=Hello+I+came+from+the+website+Im+interested+in+Brazilian+backlinks&amp;type=phone_number&amp;app_absent=0\" target=\"_blank\" rel=\"noopener nofollow\">Get in Contact<\/a>\n<\/div>\n\n\n\n<div class=\"gb-element-f3fe139e\">\n<img loading=\"lazy\" decoding=\"async\" width=\"512\" height=\"512\" class=\"gb-media-05e9ede6\" src=\"http:\/\/metalinkbuilding.com.br\/wp-content\/uploads\/2025\/02\/agencia-de-backlinks.png\" title=\"agencia de backlinks\" srcset=\"https:\/\/metalinkbuilding.com.br\/wp-content\/uploads\/2025\/02\/agencia-de-backlinks.png 512w, https:\/\/metalinkbuilding.com.br\/wp-content\/uploads\/2025\/02\/agencia-de-backlinks-300x300.png 300w, https:\/\/metalinkbuilding.com.br\/wp-content\/uploads\/2025\/02\/agencia-de-backlinks-150x150.png 150w\" sizes=\"auto, (max-width: 512px) 100vw, 512px\" \/>\n<\/div>\n<\/div>\n<\/section>\n\n\n\n<section class=\"gb-element-e0d834d4\">\n<div class=\"gb-element-6ce2c7d9\">\n<div class=\"gb-element-a085f188\">\n<img loading=\"lazy\" decoding=\"async\" width=\"512\" height=\"512\" class=\"gb-media-e4e0d911\" src=\"http:\/\/metalinkbuilding.com.br\/wp-content\/uploads\/2025\/02\/Centenas-de-sites-disponiveis-para-seus-backlinks.png\" title=\"Hundreds of Brazilian Websites Available for Link Building\" srcset=\"https:\/\/metalinkbuilding.com.br\/wp-content\/uploads\/2025\/02\/Centenas-de-sites-disponiveis-para-seus-backlinks.png 512w, https:\/\/metalinkbuilding.com.br\/wp-content\/uploads\/2025\/02\/Centenas-de-sites-disponiveis-para-seus-backlinks-300x300.png 300w, https:\/\/metalinkbuilding.com.br\/wp-content\/uploads\/2025\/02\/Centenas-de-sites-disponiveis-para-seus-backlinks-150x150.png 150w\" sizes=\"auto, (max-width: 512px) 100vw, 512px\" \/>\n<\/div>\n\n\n\n<div class=\"gb-element-0ca5331e\">\n<h2 class=\"gb-text-555bc56c\"><span class=\"gb-shape\"><svg viewbox=\"0 0 80 42\" xmlns=\"http:\/\/www.w3.org\/2000\/svg\" data-name=\"subtract\"><path fill=\"CurrentColor\" d=\"M0 20.06h80v1.87H0z\"><\/path><\/svg><\/span><span class=\"gb-text\">Somos a melhor fonte de backlinks brasileiros para o SEO<\/span><\/h2>\n\n\n\n<h2 class=\"gb-text\"><strong>Hundreds of Brazilian Websites Available for Link Building<\/strong><\/h2>\n\n\n\n<p>Com uma ampla rede de&nbsp;<strong>sites<\/strong>&nbsp;parceiros, nossa&nbsp;<strong>ag\u00eancia<\/strong>&nbsp;oferece backlinks de alta qualidade que elevam sua autoridade. <\/p>\n\n\n\n<p>We work with <strong>news portals, newspaper and TV channel websites, blogs, niche sites, and more<\/strong>always prioritizing domains with <strong>real traffic and real SEO metrics<\/strong>, assegurando uma estrat\u00e9gia de backlinks relevantes que trazem resultados.\u00a0.<\/p>\n\n\n\n<p class=\"gb-text-df79509c\"><span class=\"gb-shape\"><svg aria-hidden=\"true\" role=\"img\" height=\"1em\" width=\"1em\" viewbox=\"0 0 256 512\" xmlns=\"http:\/\/www.w3.org\/2000\/svg\"><path fill=\"currentColor\" d=\"M224.3 273l-136 136c-9.4 9.4-24.6 9.4-33.9 0l-22.6-22.6c-9.4-9.4-9.4-24.6 0-33.9l96.4-96.4-96.4-96.4c-9.4-9.4-9.4-24.6 0-33.9L54.3 103c9.4-9.4 24.6-9.4 33.9 0l136 136c9.5 9.4 9.5 24.6.1 34z\"><\/path><\/svg><\/span><span class=\"gb-text\"><strong>High-authority websites<\/strong> - DR and DA verified using SEMrush and Ahrefs<\/span><\/p>\n\n\n\n<p class=\"gb-text-b822e75b\"><span class=\"gb-shape\"><svg aria-hidden=\"true\" role=\"img\" height=\"1em\" width=\"1em\" viewbox=\"0 0 256 512\" xmlns=\"http:\/\/www.w3.org\/2000\/svg\"><path fill=\"currentColor\" d=\"M224.3 273l-136 136c-9.4 9.4-24.6 9.4-33.9 0l-22.6-22.6c-9.4-9.4-9.4-24.6 0-33.9l96.4-96.4-96.4-96.4c-9.4-9.4-9.4-24.6 0-33.9L54.3 103c9.4-9.4 24.6-9.4 33.9 0l136 136c9.5 9.4 9.5 24.6.1 34z\"><\/path><\/svg><\/span><span class=\"gb-text\"><strong>Real Organic Traffic<\/strong> - Backlinks on sites that receive organic visits from Google<\/span><\/p>\n\n\n\n<p class=\"gb-text-cd666452\"><span class=\"gb-shape\"><svg aria-hidden=\"true\" role=\"img\" height=\"1em\" width=\"1em\" viewbox=\"0 0 256 512\" xmlns=\"http:\/\/www.w3.org\/2000\/svg\"><path fill=\"currentColor\" d=\"M224.3 273l-136 136c-9.4 9.4-24.6 9.4-33.9 0l-22.6-22.6c-9.4-9.4-9.4-24.6 0-33.9l96.4-96.4-96.4-96.4c-9.4-9.4-9.4-24.6 0-33.9L54.3 103c9.4-9.4 24.6-9.4 33.9 0l136 136c9.5 9.4 9.5 24.6.1 34z\"><\/path><\/svg><\/span><span class=\"gb-text\"><strong>Recognized brands<\/strong> - Publications on trusted and reputable websites<\/span><\/p>\n<\/div>\n<\/div>\n<\/section>\n\n\n\n<section class=\"gb-element-093e7df7\">\n<div class=\"gb-element-b05bd9c8\">\n<div class=\"gb-element-5881488e\">\n<h2 class=\"gb-text gb-text-24bf0b34\">Uma Ag\u00eancia de Link Building com Backlinks para todos os tipos de neg\u00f3cios<\/h2>\n\n\n\n<p><br>Seja uma\u00a0<strong>empresa<\/strong>\u00a0de marketing, blog ou e-commerce, nossa\u00a0<strong>ag\u00eancia<\/strong>\u00a0de link building entrega servi\u00e7os de\u00a0<strong>qualidade<\/strong>. Maximizamos backlinks brasileiros que impulsionam o tr\u00e1fego org\u00e2nico. Confie na nossa gest\u00e3o para fortalecer sua presen\u00e7a online e garantir resultados excepcionais.<\/p>\n\n\n\n<p>Whether you\u2019re managing SEO for global clients or building authority <strong>for your own site, our backlinks help you earn trust, improve rankings, and safely strengthen your link profile<\/strong>.<\/p>\n<\/div>\n\n\n\n<div class=\"gb-element-2df9672c\">\n<img decoding=\"async\" class=\"gb-media-744dd9a8\" src=\"http:\/\/metalinkbuilding.com.br\/wp-content\/uploads\/2021\/06\/cryptography.svg\" alt=\"Cryptography\"\/>\n<\/div>\n<\/div>\n<\/section>\n\n\n\n<section class=\"gb-element-8f8392b0\">\n<div class=\"gb-element-f55fa1bc\">\n<div class=\"gb-element-5cc9719b\">\n<h3 class=\"gb-text-be9e91b8\"><span class=\"gb-shape\"><svg aria-hidden=\"true\" role=\"img\" height=\"1em\" width=\"1em\" viewbox=\"0 0 512 512\" xmlns=\"http:\/\/www.w3.org\/2000\/svg\"><path fill=\"currentColor\" d=\"M466.5 83.7l-192-80a48.15 48.15 0 0 0-36.9 0l-192 80C27.7 91.1 16 108.6 16 128c0 198.5 114.5 335.7 221.5 380.3 11.8 4.9 25.1 4.9 36.9 0C360.1 472.6 496 349.3 496 128c0-19.4-11.7-36.9-29.5-44.3zM256.1 446.3l-.1-381 175.9 73.3c-3.3 151.4-82.1 261.1-175.8 307.7z\"><\/path><\/svg><\/span><span class=\"gb-text\">Ag\u00eancia SEO<\/span><\/h3>\n\n\n\n<p style=\"font-size:15px\">Deixe que cuidamos da sua demanda com backlinks estrat\u00e9gicos. Disponibilizamos servi\u00e7os de links e seo off page para garantir resultados sustent\u00e1veis para qualquer perfil de cliente.<\/p>\n<\/div>\n\n\n\n<div class=\"gb-element-46106d16\">\n<h3 class=\"gb-text-9c33ec6b\"><span class=\"gb-shape\"><svg viewbox=\"0 0 384 512\" xmlns=\"http:\/\/www.w3.org\/2000\/svg\"><path d=\"M377 105L279.1 7c-4.5-4.5-10.6-7-17-7H256v128h128v-6.1c0-6.3-2.5-12.4-7-16.9zm-153 31V0H24C10.7 0 0 10.7 0 24v464c0 13.3 10.7 24 24 24h336c13.3 0 24-10.7 24-24V160H248c-13.2 0-24-10.8-24-24zM64 72c0-4.42 3.58-8 8-8h80c4.42 0 8 3.58 8 8v16c0 4.42-3.58 8-8 8H72c-4.42 0-8-3.58-8-8V72zm0 80v-16c0-4.42 3.58-8 8-8h80c4.42 0 8 3.58 8 8v16c0 4.42-3.58 8-8 8H72c-4.42 0-8-3.58-8-8zm144 263.88V440c0 4.42-3.58 8-8 8h-16c-4.42 0-8-3.58-8-8v-24.29c-11.29-.58-22.27-4.52-31.37-11.35-3.9-2.93-4.1-8.77-.57-12.14l11.75-11.21c2.77-2.64 6.89-2.76 10.13-.73 3.87 2.42 8.26 3.72 12.82 3.72h28.11c6.5 0 11.8-5.92 11.8-13.19 0-5.95-3.61-11.19-8.77-12.73l-45-13.5c-18.59-5.58-31.58-23.42-31.58-43.39 0-24.52 19.05-44.44 42.67-45.07V232c0-4.42 3.58-8 8-8h16c4.42 0 8 3.58 8 8v24.29c11.29.58 22.27 4.51 31.37 11.35 3.9 2.93 4.1 8.77.57 12.14l-11.75 11.21c-2.77 2.64-6.89 2.76-10.13.73-3.87-2.43-8.26-3.72-12.82-3.72h-28.11c-6.5 0-11.8 5.92-11.8 13.19 0 5.95 3.61 11.19 8.77 12.73l45 13.5c18.59 5.58 31.58 23.42 31.58 43.39 0 24.53-19.05 44.44-42.67 45.07z\"><\/path><\/svg><\/span><span class=\"gb-text\">Blog de Conte\u00fado com o Link<\/span><\/h3>\n\n\n\n<p style=\"font-size:15px\">Tired of unreliable Tier 2 providers, PBNs, or spammy link vendors? Our Brazilian backlinks can be used as safe, high-quality Tier 2 links.  We build strategic links from real, legitimate Brazilian websites that support and strengthen your Tier 1 backlinks, amplify your SEO efforts, and avoid penalties.<\/p>\n<\/div>\n\n\n\n<div class=\"gb-element-c9a493e3\">\n<h3 class=\"gb-text-164bcae5\"><span class=\"gb-shape\"><svg viewbox=\"0 0 512 512\" xmlns=\"http:\/\/www.w3.org\/2000\/svg\"><path d=\"M461.2 128H80c-8.84 0-16-7.16-16-16s7.16-16 16-16h384c8.84 0 16-7.16 16-16 0-26.51-21.49-48-48-48H64C28.65 32 0 60.65 0 96v320c0 35.35 28.65 64 64 64h397.2c28.02 0 50.8-21.53 50.8-48V176c0-26.47-22.78-48-50.8-48zM416 336c-17.67 0-32-14.33-32-32s14.33-32 32-32 32 14.33 32 32-14.33 32-32 32z\"><\/path><\/svg><\/span><span class=\"gb-text\">Link Building SEO para E-commerce<\/span><\/h3>\n\n\n\n<p style=\"font-size:15px\">Get legitimate backlinks from DR 60+ websites with thousands of monthly visitors for just $300. You won\u2019t find links with these metrics and real traffic anywhere else.<\/p>\n<\/div>\n\n\n\n<div class=\"gb-element-9887397f\">\n<h3 class=\"gb-text-5090eaab\"><span class=\"gb-shape\"><svg aria-hidden=\"true\" role=\"img\" height=\"1em\" width=\"1em\" viewbox=\"0 0 448 512\" xmlns=\"http:\/\/www.w3.org\/2000\/svg\"><path fill=\"currentColor\" d=\"M323.56 51.2c-20.8 19.3-39.58 39.59-56.22 59.97C240.08 73.62 206.28 35.53 168 0 69.74 91.17 0 209.96 0 281.6 0 408.85 100.29 512 224 512s224-103.15 224-230.4c0-53.27-51.98-163.14-124.44-230.4zm-19.47 340.65C282.43 407.01 255.72 416 226.86 416 154.71 416 96 368.26 96 290.75c0-38.61 24.31-72.63 72.79-130.75 6.93 7.98 98.83 125.34 98.83 125.34l58.63-66.88c4.14 6.85 7.91 13.55 11.27 19.97 27.35 52.19 15.81 118.97-33.43 153.42z\"><\/path><\/svg><\/span><span class=\"gb-text\">Link para Sites de Cassino ou Link para Aposta<\/span><\/h3>\n\n\n\n<p style=\"font-size:15px\">Atuamos com links espec\u00edficos para o nicho de apostas e cassinos, garantindo backlinks de qualidade, sem links t\u00f3xicos, que v\u00e3o impulsionar e dar ainda mais volume \u00e0 sua opera\u00e7\u00e3o.<\/p>\n<\/div>\n<\/div>\n<\/section>\n\n\n\n<section class=\"gb-element-791fd905\" id=\"como-funciona\">\n<div class=\"gb-element-721d93be\">\n<h2 class=\"gb-text\">Como funciona para comprar links?<\/h2>\n\n\n\n<p>Nosso m\u00e9todo \u00e9 simples e eficiente. Se voc\u00ea deseja comprar backlinks conosco, seguimos um fluxo transparente para garantir que voc\u00ea obtenha os melhores resultados para o seu SEO.<\/p>\n\n\n\n<p>A produ\u00e7\u00e3o dos backlinks \u00e9 personalizada, favorecendo seu SEO. Com centenas de sites dispon\u00edveis, ampliamos suas oportunidades ao comprar links seguros e relevantes.<\/p>\n\n\n\n<a class=\"gb-text gb-text-0ab4b974\" href=\"https:\/\/api.whatsapp.com\/send\/?phone=557184562811&amp;text=Hello+I+came+from+the+website+Im+interested+in+Brazilian+backlinks&amp;type=phone_number&amp;app_absent=0\" target=\"_blank\" rel=\"noopener nofollow\">Get in Contact<\/a>\n<\/div>\n\n\n\n<div class=\"gb-element-f719675f\">\n<h3 class=\"gb-text-461313cc\"><span class=\"gb-shape\"><svg aria-hidden=\"true\" role=\"img\" height=\"1em\" width=\"1em\" viewbox=\"0 0 512 512\" xmlns=\"http:\/\/www.w3.org\/2000\/svg\"><path fill=\"currentColor\" d=\"M493.4 24.6l-104-24c-11.3-2.6-22.9 3.3-27.5 13.9l-48 112c-4.2 9.8-1.4 21.3 6.9 28l60.6 49.6c-36 76.7-98.9 140.5-177.2 177.2l-49.6-60.6c-6.8-8.3-18.2-11.1-28-6.9l-112 48C3.9 366.5-2 378.1.6 389.4l24 104C27.1 504.2 36.7 512 48 512c256.1 0 464-207.5 464-464 0-11.2-7.7-20.9-18.6-23.4z\"><\/path><\/svg><\/span><span class=\"gb-text\">Contact us today<\/span><\/h3>\n\n\n\n<p style=\"font-size:15px\">Entre em\u00a0<strong>contato<\/strong>\u00a0agora mesmo com nossa\u00a0<strong>equipe<\/strong>\u00a0especializada. Somos uma empresa de link building brasil pronta\u00a0para discutir a estrat\u00e9gia de como podemos otimizar seu\u00a0<strong>site<\/strong>\u00a0e alcan\u00e7ar melhores\u00a0<strong>resultados<\/strong>\u00a0em SEO. Vamos criar estrat\u00e9gias de\u00a0<strong>link<\/strong>\u00a0building que atendem \u00e0s suas necessidades espec\u00edficas.<\/p>\n\n\n\n<h3 class=\"gb-text-82d0ad26\"><span class=\"gb-shape\"><svg aria-hidden=\"true\" role=\"img\" height=\"1em\" width=\"1em\" viewbox=\"0 0 384 512\" xmlns=\"http:\/\/www.w3.org\/2000\/svg\"><path fill=\"currentColor\" d=\"M192 0C79.7 101.3 0 220.9 0 300.5 0 425 79 512 192 512s192-87 192-211.5c0-79.9-80.2-199.6-192-300.5zm0 448c-56.5 0-96-39-96-94.8 0-13.5 4.6-61.5 96-161.2 91.4 99.7 96 147.7 96 161.2 0 55.8-39.5 94.8-96 94.8z\"><\/path><\/svg><\/span><span class=\"gb-text\">Recomenda\u00e7\u00e3o editorial personalizada de link<\/span><\/h3>\n\n\n\n<p style=\"font-size:15px\"><br>Sendo uma ag\u00eancia backlinks de servi\u00e7os oferecem uma recomenda\u00e7\u00e3o editorial personalizada de link, diante de um contexto indicamos pacotes ideais ou enviamos uma lista de imprensa com sites espec\u00edficos e valores. Escolha a solu\u00e7\u00e3o certa para elevar sua presen\u00e7a online atrav\u00e9s de uma curadoria especializada.<\/p>\n\n\n\n<h3 class=\"gb-text-9e249f6b\"><span class=\"gb-shape\"><svg aria-hidden=\"true\" role=\"img\" height=\"1em\" width=\"1em\" viewbox=\"0 0 448 512\" xmlns=\"http:\/\/www.w3.org\/2000\/svg\"><path fill=\"currentColor\" d=\"M448 360V24c0-13.3-10.7-24-24-24H96C43 0 0 43 0 96v320c0 53 43 96 96 96h328c13.3 0 24-10.7 24-24v-16c0-7.5-3.5-14.3-8.9-18.7-4.2-15.4-4.2-59.3 0-74.7 5.4-4.3 8.9-11.1 8.9-18.6zM128 134c0-3.3 2.7-6 6-6h212c3.3 0 6 2.7 6 6v20c0 3.3-2.7 6-6 6H134c-3.3 0-6-2.7-6-6v-20zm0 64c0-3.3 2.7-6 6-6h212c3.3 0 6 2.7 6 6v20c0 3.3-2.7 6-6 6H134c-3.3 0-6-2.7-6-6v-20zm253.4 250H96c-17.7 0-32-14.3-32-32 0-17.6 14.4-32 32-32h285.4c-1.9 17.1-1.9 46.9 0 64z\"><\/path><\/svg><\/span><span class=\"gb-text\">Content Creation and Publication<\/span><\/h3>\n\n\n\n<p style=\"font-size:15px\">Ap\u00f3s o pagamento, nossa equipe ajuda na escolha do tema e na produ\u00e7\u00e3o de conte\u00fado de qualidade. O artigo \u00e9 enviado pro parceiro e em at\u00e9 7 dias \u00fateis, voc\u00ea tem a publica\u00e7\u00e3o com seu link em comunica\u00e7\u00e3o.<\/p>\n\n\n\n<h3 class=\"gb-text-ff28d609\"><span class=\"gb-shape\"><svg aria-hidden=\"true\" role=\"img\" height=\"1em\" width=\"1em\" viewbox=\"0 0 448 512\" xmlns=\"http:\/\/www.w3.org\/2000\/svg\"><path fill=\"currentColor\" d=\"M240.971 130.524l194.343 194.343c9.373 9.373 9.373 24.569 0 33.941l-22.667 22.667c-9.357 9.357-24.522 9.375-33.901.04L224 227.495 69.255 381.516c-9.379 9.335-24.544 9.317-33.901-.04l-22.667-22.667c-9.373-9.373-9.373-24.569 0-33.941L207.03 130.525c9.372-9.373 24.568-9.373 33.941-.001z\"><\/path><\/svg><\/span><span class=\"gb-text\">Resultados no tr\u00e1fego org\u00e2nico<\/span><\/h3>\n\n\n\n<p style=\"font-size:15px\"><br>Nossas estrat\u00e9gias de marketing digital e parcerias garantem resultados impressionantes no SEO, aprimorando o seu tr\u00e1fego org\u00e2nico. Com nossa ajuda, voc\u00ea ver\u00e1 um aumento significativo na presen\u00e7a digital e nas posi\u00e7\u00f5es dos seus sites ao longo do tempo.<\/p>\n<\/div>\n<\/section>","protected":false},"excerpt":{"rendered":"<p>Agencia de Link Building: Meta Link Backlinks que geram resultados no seu SEO Somos a maior ag\u00eancia de backlinks do Brasil, conectando voc\u00ea a sites de alta qualidade para fortalecer sua autoridade e impulsionar seu posicionamento no Google. Nossa miss\u00e3o \u00e9 estabelecer parcerias de sucesso que aumentem a autoridade do seu site por meio de&nbsp;backlinks&nbsp;de &#8230; <a title=\"Home\" class=\"read-more\" href=\"https:\/\/metalinkbuilding.com.br\/en\/\" aria-label=\"Read more about Home\">Read more<\/a><\/p>","protected":false},"author":1,"featured_media":0,"parent":0,"menu_order":0,"comment_status":"closed","ping_status":"open","template":"","meta":{"footnotes":""},"class_list":["post-2","page","type-page","status-publish"],"_links":{"self":[{"href":"https:\/\/metalinkbuilding.com.br\/en\/wp-json\/wp\/v2\/pages\/2","targetHints":{"allow":["GET"]}}],"collection":[{"href":"https:\/\/metalinkbuilding.com.br\/en\/wp-json\/wp\/v2\/pages"}],"about":[{"href":"https:\/\/metalinkbuilding.com.br\/en\/wp-json\/wp\/v2\/types\/page"}],"author":[{"embeddable":true,"href":"https:\/\/metalinkbuilding.com.br\/en\/wp-json\/wp\/v2\/users\/1"}],"replies":[{"embeddable":true,"href":"https:\/\/metalinkbuilding.com.br\/en\/wp-json\/wp\/v2\/comments?post=2"}],"version-history":[{"count":24,"href":"https:\/\/metalinkbuilding.com.br\/en\/wp-json\/wp\/v2\/pages\/2\/revisions"}],"predecessor-version":[{"id":1178,"href":"https:\/\/metalinkbuilding.com.br\/en\/wp-json\/wp\/v2\/pages\/2\/revisions\/1178"}],"wp:attachment":[{"href":"https:\/\/metalinkbuilding.com.br\/en\/wp-json\/wp\/v2\/media?parent=2"}],"curies":[{"name":"wp","href":"https:\/\/api.w.org\/{rel}","templated":true}]}}